{"id":378,"date":"2018-05-14T11:47:56","date_gmt":"2018-05-14T09:47:56","guid":{"rendered":"http:\/\/www.steinbach-berlin.de\/portfolio\/kontakt-2\/"},"modified":"2024-02-01T15:37:27","modified_gmt":"2024-02-01T14:37:27","slug":"impressum-dsgvo","status":"publish","type":"page","link":"https:\/\/www.steinbach-berlin.de\/portfolio\/impressum-dsgvo\/","title":{"rendered":"IMPRESSUM\/DSGVO"},"content":{"rendered":"<section class=\"kc-elm kc-css-982091 kc_row\"><div class=\"kc-row-container\"><div class=\"kc-wrap-columns\"><div class=\"kc-elm kc-css-759535 kc_col-sm-12 kc_column kc_col-sm-12\"><div class=\"kc-col-container\">\r\n<div class=\"block-content\">\r\n    <h3 class=\"block-title\">###Impressum###<\/h3>\r\n    <h3 class=\"subheading\"><\/h3>\r\n    <p>Holger Steinbach<br \/>Jagowstra\u00dfe 14<br \/>10555 Berlin<\/p>\r\n<p>Telefon: (+49) 30 690418\u201320<br \/>Telefax: (+49) 30 690418\u201321<br \/>Mobil:\u00a0 \u00a0 (+49) 177 6904182<br \/>E\u2011Mail: <a href=\"&#x6d;&#97;&#105;l&#x74;&#x6f;&#58;h&#x6f;&#x6c;&#103;er&#x40;&#115;&#116;e&#x69;&#x6e;&#98;a&#x63;&#x68;&#45;&#98;e&#x72;&#x6c;&#105;n&#x2e;&#x64;&#101;\">&#x68;o&#x6c;&#103;&#x65;&#114;&#64;&#x73;t&#x65;&#105;&#x6e;&#98;a&#x63;&#104;&#x2d;&#98;e&#x72;l&#x69;&#110;&#x2e;&#100;e<\/a><\/p>\r\n<p>Steuernummer: Steuernummer: 34\/544\/02869, FA Berlin-Mitte\/Tiergarten<br \/>Umsatzsteuer-Identifikationsnummer gem\u00e4\u00df \u00a7 27 a Umsatzsteuergesetz: DE 174454254<\/p>\r\n<p>Inhaltlich verantwortlich gem\u00e4\u00df \u00a7 55 Abs. 2 RStV: Holger Steinbach (Anschrift wie oben)<\/p>\r\n<p><i><br \/>Haftungshinweis:<\/i><br \/>Trotz sorgf\u00e4ltiger inhaltlicher Kontrolle \u00fcbernehmen wir keine Haftung f\u00fcr die Inhalte externer Links.<br \/>F\u00fcr den Inhalt der verlinkten Seiten sind ausschlie\u00dflich deren Betreiber verantwortlich.<\/p>\r\n<p><span data-mce-type=\"bookmark\" style=\"display: inline-block; width: 0px; overflow: hidden; line-height: 0;\" class=\"mce_SELRES_start\">\ufeff<\/span><\/p>\r\n<span data-mce-type=\"bookmark\" style=\"display: inline-block; width: 0px; overflow: hidden; line-height: 0;\" class=\"mce_SELRES_start\">\ufeff<\/span>    <div class=\"info-list row\">\r\n            <\/div>\r\n    <\/div>          \r\n\r\n<div class=\"block-content\">\r\n    <h3 class=\"block-title\">###Datenschutzerkl\u00e4rung###<\/h3>\r\n    <h3 class=\"subheading\"><\/h3>\r\n    <b>Verantwortliche Stelle im Sinne der Datenschutzgesetze, insbesondere der EU-Datenschutzgrundverordnung (DSGVO):<\/b>\r\nHolger Steinbach\r\n<h3>Ihre Betroffenenrechte<\/h3>\r\nUnter den angegebenen Kontaktdaten unseres Datenschutzbeauftragten k\u00f6nnen Sie jederzeit folgende Rechte aus\u00fcben:\r\n<ul>\r\n \t<li>Auskunft \u00fcber Ihre bei uns gespeicherten Daten und deren Verarbeitung,<\/li>\r\n \t<li>Berichtigung unrichtiger personenbezogener Daten,<\/li>\r\n \t<li>L\u00f6schung Ihrer bei uns gespeicherten Daten,<\/li>\r\n \t<li>Einschr\u00e4nkung der Datenverarbeitung, sofern wir Ihre Daten aufgrund gesetzlicher Pflichten noch nicht l\u00f6schen d\u00fcrfen,<\/li>\r\n \t<li>Widerspruch gegen die Verarbeitung Ihrer Daten bei uns und<\/li>\r\n \t<li>Daten\u00fcbertragbarkeit, sofern Sie in die Datenverarbeitung eingewilligt haben oder einen Vertrag mit uns abgeschlossen haben.<\/li>\r\n<\/ul>\r\nSofern Sie uns eine Einwilligung erteilt haben, k\u00f6nnen Sie diese jederzeit mit Wirkung f\u00fcr die Zukunft widerrufen.\r\n\r\nSie k\u00f6nnen sich jederzeit mit einer Beschwerde an die f\u00fcr Sie zust\u00e4ndige Aufsichtsbeh\u00f6rde wenden. Ihre zust\u00e4ndige Aufsichtsbeh\u00f6rde richtet sich nach dem Bundesland Ihres Wohnsitzes, Ihres Arbeitsorts oder der mutma\u00dflichen Verletzung. Eine Liste der Aufsichtsbeh\u00f6rden (f\u00fcr den nicht\u00f6ffentlichen Bereich) mit Anschriften finden Sie unter: <a href=\"https:\/\/www.bfdi.bund.de\/DE\/Infothek\/Anschriften_Links\/anschriften_links-node.html\" target=\"_blank\" rel=\"noopener\">https:\/\/www.bfdi.bund.de\/DE\/Infothek\/Anschriften_Links\/anschriften_links-node.html<\/a>.\r\n<h3>Zweck der Datenverarbeitung durch die verantwortliche Stelle und Dritte<\/h3>\r\nWir verarbeiten Ihre personenbezogenen Daten nur zu den in dieser Datenschutzerkl\u00e4rung genannten Zwecken. Eine \u00dcbermittlung Ihrer pers\u00f6nlichen Daten an Dritte zu anderen als den genannten Zwecken findet nicht statt. Wir geben Ihre pers\u00f6nlichen Daten nur an Dritte weiter, wenn:\r\n<ul>\r\n \t<li>Sie Ihre ausdr\u00fcckliche Einwilligung dazu erteilt haben,<\/li>\r\n \t<li>die Verarbeitung zur Abwicklung eines Vertrags mit Ihnen erforderlich ist,<\/li>\r\n \t<li>die Verarbeitung zur Erf\u00fcllung einer rechtlichen Verpflichtung erforderlich ist,<\/li>\r\n \t<li>die Verarbeitung zur Wahrung berechtigter Interessen erforderlich ist und kein Grund zur Annahme besteht, dass Sie ein \u00fcberwiegendes schutzw\u00fcrdiges Interesse an der Nichtweitergabe Ihrer Daten haben.<\/li>\r\n<\/ul>\r\n<h3>Erbringung kostenpflichtiger Leistungen<\/h3>\r\nZur Erbringung kostenpflichtiger Leistungen werden von uns zus\u00e4tzliche Daten erfragt, wie z. B. Zahlungsangaben, um Ihre Bestellung ausf\u00fchren zu k\u00f6nnen. Wir speichern diese Daten in unseren Systemen bis die gesetzlichen Aufbewahrungsfristen abgelaufen sind.\r\n<h3>SSL-Verschl\u00fcsselung<\/h3>\r\nUm die Sicherheit Ihrer Daten bei der \u00dcbertragung zu sch\u00fctzen, verwenden wir dem aktuellen Stand der Technik entsprechende Verschl\u00fcsselungsverfahren (z. B. SSL) \u00fcber HTTPS.\r\n<h3>Kontaktformular<\/h3>\r\nTreten Sie bzgl. Fragen jeglicher Art per E-Mail oder Kontaktformular mit uns in Kontakt, erteilen Sie uns zum Zwecke der Kontaktaufnahme Ihre freiwillige Einwilligung. Hierf\u00fcr ist die Angabe einer validen E-Mail-Adresse erforderlich. Diese dient der Zuordnung der Anfrage und der anschlie\u00dfenden Beantwortung derselben. Die Angabe weiterer Daten ist optional. Die von Ihnen gemachten Angaben werden zum Zwecke der Bearbeitung der Anfrage sowie f\u00fcr m\u00f6gliche Anschlussfragen gespeichert. Nach Erledigung der von Ihnen gestellten Anfrage werden personenbezogene Daten automatisch gel\u00f6scht.\r\n<h3>L\u00f6schung bzw. Sperrung der Daten<\/h3>\r\nWir halten uns an die Grunds\u00e4tze der Datenvermeidung und Datensparsamkeit. Wir speichern Ihre personenbezogenen Daten daher nur so lange, wie dies zur Erreichung der hier genannten Zwecke erforderlich ist oder wie es die vom Gesetzgeber vorgesehenen vielf\u00e4ltigen Speicherfristen vorsehen. Nach Fortfall des jeweiligen Zweckes bzw. Ablauf dieser Fristen werden die entsprechenden Daten routinem\u00e4\u00dfig und entsprechend den gesetzlichen Vorschriften gesperrt oder gel\u00f6scht.\r\n<h3>Verwendung von Google Analytics<\/h3>\r\nDiese Website benutzt Google Analytics, einen Webanalysedienst der Google Inc. (nachfolgend: Google). Google Analytics verwendet sogenannte \u201eCookies\u201c, also Textdateien, die auf Ihrem Computer gespeichert werden und die eine Analyse der Benutzung der Website durch Sie erm\u00f6glichen. Die durch ein Cookie erzeugten Informationen \u00fcber Ihre Benutzung dieser Website werden in der Regel an einen Server von Google in den USA \u00fcbertragen und dort gespeichert. Aufgrund der Aktivierung der IP-Anonymisierung auf dieser Website wird Ihre IP-Adresse von Google jedoch innerhalb von Mitgliedstaaten der Europ\u00e4ischen Union oder in anderen Vertragsstaaten des Abkommens \u00fcber den Europ\u00e4ischen Wirtschaftsraum zuvor gek\u00fcrzt. Nur in Ausnahmef\u00e4llen wird die volle IP-Adresse an einen Server von Google in den USA \u00fcbertragen und dort gek\u00fcrzt. Im Auftrag des Betreibers dieser Website wird Google diese Informationen benutzen, um Ihre Nutzung der Website auszuwerten, Reports \u00fcber die Webseitenaktivit\u00e4ten zusammenzustellen und weitere mit der Webseitennutzung und der Internetnutzung verbundene Dienstleistungen gegen\u00fcber dem Webseitenbetreiber zu erbringen. Die im Rahmen von Google Analytics von Ihrem Browser \u00fcbermittelte IP-Adresse wird nicht mit anderen Daten von Google zusammengef\u00fchrt.\r\n\r\nDie Zwecke der Datenverarbeitung liegen in der Auswertung der Nutzung der Website und in der Zusammenstellung von Reports \u00fcber Aktivit\u00e4ten auf der Website. Auf Grundlage der Nutzung der Website und des Internets sollen dann weitere verbundene Dienstleistungen erbracht werden. Die Verarbeitung beruht auf dem berechtigten Interesse des Websitebetreibers.\r\n\r\nSie k\u00f6nnen die Speicherung der Cookies durch eine entsprechende Einstellung Ihrer Browser-Software verhindern; wir weisen Sie jedoch darauf hin, dass Sie in diesem Fall gegebenenfalls nicht s\u00e4mtliche Funktionen dieser Website vollumf\u00e4nglich werden nutzen k\u00f6nnen. Sie k\u00f6nnen dar\u00fcber hinaus die Erfassung der durch Cookies erzeugten und auf Ihre Nutzung der Website bezogenen Daten (inkl. Ihrer IP-Adresse) an Google sowie die Verarbeitung dieser Daten durch Google verhindern, indem Sie das unter dem folgenden Link verf\u00fcgbare Browser-Plugin herunterladen und installieren: <a href=\"http:\/\/tools.google.com\/dlpage\/gaoptout?hl=de\" target=\"_blank\" rel=\"noopener\">Browser-Add-on zur Deaktivierung von Google Analytics<\/a>.\r\n\r\nZus\u00e4tzlich oder als Alternative zu dem Browser-Add-on k\u00f6nnen Sie das Tracking durch Google Analytics auf unseren Seiten unterbinden, indem Sie <a title=\"Google Analytics Opt-Out-Cookie setzen\" href=\"#\">diesen Link anklicken<\/a>. Hierdurch wird ein Opt-out-Cookie auf Ihrem Ger\u00e4t installiert. Damit wird die Erfassung durch Google Analytics f\u00fcr diese Website und f\u00fcr diesen Browser zuk\u00fcnftig verhindert, solange der Cookie in Ihrem Browser installiert bleibt.\r\n<h3>Google AdWords<\/h3>\r\nUnsere Website nutzt das Google Conversion-Tracking. Sind Sie \u00fcber eine von Google geschaltete Anzeige auf unsere Website gelangt, wird von Google Adwords ein Cookie auf Ihrem Rechner gesetzt. Das Cookie f\u00fcr Conversion-Tracking wird immer dann gesetzt, wenn ein Nutzer auf eine von Google geschaltete Anzeige klickt. Diese Cookies verlieren nach 30 Tagen ihre G\u00fcltigkeit und dienen nicht der pers\u00f6nlichen Identifizierung. Besucht der Nutzer bestimmte Seiten unserer Website und das Cookie ist noch nicht abgelaufen, k\u00f6nnen wir und Google erkennen, dass der Nutzer auf die Anzeige geklickt hat und zu dieser Seite weitergeleitet wurde. Jeder Kunde von Google AdWords erh\u00e4lt ein anderes Cookie. Cookies k\u00f6nnen somit nicht \u00fcber die Websites von AdWords-Kunden nachverfolgt werden. Die mithilfe des Conversion-Cookies eingeholten Informationen dienen dazu, Conversion-Statistiken f\u00fcr AdWords-Kunden zu erstellen, die sich f\u00fcr Conversion-Tracking entschieden haben. Die Kunden erfahren die Gesamtanzahl der Nutzer, die auf ihre Anzeige geklickt haben und zu einer mit einem Conversion-Tracking-Tag versehenen Seite weitergeleitet wurden. Sie erhalten jedoch keine Informationen, mit denen sich Nutzer pers\u00f6nlich identifizieren lassen.\r\n\r\n<i>M\u00f6chten Sie nicht am Tracking teilnehmen, k\u00f6nnen Sie das hierf\u00fcr erforderliche Setzen eines Cookies ablehnen \u2013 etwa per Browser-Einstellung, die das automatische Setzen von Cookies generell deaktiviert \u2013 oder Ihren Browser so einstellen, dass Cookies von der Domain \u201egoogleleadservices.com\u201c blockiert werden<\/i>\r\n\r\nBitte beachten Sie, dass Sie die Opt-out-Cookies nicht l\u00f6schen d\u00fcrfen, solange Sie keine Aufzeichnung von Messdaten w\u00fcnschen. Haben Sie alle Ihre Cookies im Browser gel\u00f6scht, m\u00fcssen Sie das jeweilige Opt-out-Cookie erneut setzen, um die Aufzeichnung von Messdaten weiterhin zu vermeiden.\r\n<h3>\u00c4nderung unserer Datenschutzbestimmungen<\/h3>\r\nWir behalten uns vor, diese Datenschutzerkl\u00e4rung gelegentlich anzupassen, damit sie stets den aktuellen rechtlichen Anforderungen entspricht oder um \u00c4nderungen unserer Leistungen in der Datenschutzerkl\u00e4rung umzusetzen, z. B. bei der Einf\u00fchrung neuer Services. F\u00fcr Ihren erneuten Besuch gilt dann die neue Datenschutzerkl\u00e4rung.\r\n<h3>Fragen an den Datenschutzbeauftragten<\/h3>\r\nWenn Sie Fragen zum Datenschutz haben, schreiben Sie uns bitte eine E-Mail.\r\n\r\n<i>Die Datenschutzerkl\u00e4rung wurde mit dem <a href=\"https:\/\/www.activemind.de\/datenschutz\/datenschutzbeauftragter\/\" target=\"_blank\" rel=\"noopener\">Datenschutzerkl\u00e4rungs-Generator der activeMind AG erstellt<\/a>.<\/i>    <div class=\"info-list row\">\r\n            <\/div>\r\n    <\/div>          \r\n<\/div><\/div><\/div><\/div><\/section>\n","protected":false},"excerpt":{"rendered":"","protected":false},"author":1,"featured_media":0,"parent":0,"menu_order":0,"comment_status":"closed","ping_status":"closed","template":"","meta":{"footnotes":""},"class_list":["post-378","page","type-page","status-publish","hentry"],"yoast_head":"<!-- This site is optimized with the Yoast SEO plugin v27.4 - https:\/\/yoast.com\/product\/yoast-seo-wordpress\/ -->\n<title>Impressum\/DSGVO \u2013 herrsteinbach<\/title>\n<meta name=\"description\" content=\"Impressum und Datenschutzverordnung herrsteinbach \/ Holger Steinbach \/ Berlin \/ holger@steinbach-berlin.de \/ +49 30 69041820\" \/>\n<meta name=\"robots\" content=\"index, follow, max-snippet:-1, max-image-preview:large, max-video-preview:-1\" \/>\n<link rel=\"canonical\" href=\"https:\/\/www.steinbach-berlin.de\/portfolio\/impressum-dsgvo\/\" \/>\n<meta property=\"og:locale\" content=\"de_DE\" \/>\n<meta property=\"og:type\" content=\"article\" \/>\n<meta property=\"og:title\" content=\"Impressum\/DSGVO \u2013 herrsteinbach\" \/>\n<meta property=\"og:description\" content=\"Impressum und Datenschutzverordnung herrsteinbach \/ Holger Steinbach \/ Berlin \/ holger@steinbach-berlin.de \/ +49 30 69041820\" \/>\n<meta property=\"og:url\" content=\"https:\/\/www.steinbach-berlin.de\/portfolio\/impressum-dsgvo\/\" \/>\n<meta property=\"og:site_name\" content=\"herrsteinbach\" \/>\n<meta property=\"article:modified_time\" content=\"2024-02-01T14:37:27+00:00\" \/>\n<meta name=\"twitter:card\" content=\"summary_large_image\" \/>\n<meta name=\"twitter:label1\" content=\"Gesch\u00e4tzte Lesezeit\" \/>\n\t<meta name=\"twitter:data1\" content=\"1\u00a0Minute\" \/>\n<script type=\"application\/ld+json\" class=\"yoast-schema-graph\">{\"@context\":\"https:\\\/\\\/schema.org\",\"@graph\":[{\"@type\":\"WebPage\",\"@id\":\"https:\\\/\\\/www.steinbach-berlin.de\\\/portfolio\\\/impressum-dsgvo\\\/\",\"url\":\"https:\\\/\\\/www.steinbach-berlin.de\\\/portfolio\\\/impressum-dsgvo\\\/\",\"name\":\"Impressum\\\/DSGVO \u2013 herrsteinbach\",\"isPartOf\":{\"@id\":\"https:\\\/\\\/www.steinbach-berlin.de\\\/portfolio\\\/#website\"},\"datePublished\":\"2018-05-14T09:47:56+00:00\",\"dateModified\":\"2024-02-01T14:37:27+00:00\",\"description\":\"Impressum und Datenschutzverordnung herrsteinbach \\\/ Holger Steinbach \\\/ Berlin \\\/ holger@steinbach-berlin.de \\\/ +49 30 69041820\",\"breadcrumb\":{\"@id\":\"https:\\\/\\\/www.steinbach-berlin.de\\\/portfolio\\\/impressum-dsgvo\\\/#breadcrumb\"},\"inLanguage\":\"de\",\"potentialAction\":[{\"@type\":\"ReadAction\",\"target\":[\"https:\\\/\\\/www.steinbach-berlin.de\\\/portfolio\\\/impressum-dsgvo\\\/\"]}]},{\"@type\":\"BreadcrumbList\",\"@id\":\"https:\\\/\\\/www.steinbach-berlin.de\\\/portfolio\\\/impressum-dsgvo\\\/#breadcrumb\",\"itemListElement\":[{\"@type\":\"ListItem\",\"position\":1,\"name\":\"Startseite\",\"item\":\"https:\\\/\\\/www.steinbach-berlin.de\\\/portfolio\\\/\"},{\"@type\":\"ListItem\",\"position\":2,\"name\":\"IMPRESSUM\\\/DSGVO\"}]},{\"@type\":\"WebSite\",\"@id\":\"https:\\\/\\\/www.steinbach-berlin.de\\\/portfolio\\\/#website\",\"url\":\"https:\\\/\\\/www.steinbach-berlin.de\\\/portfolio\\\/\",\"name\":\"herrsteinbach\",\"description\":\"Design. CAD. Text. Foto.\",\"potentialAction\":[{\"@type\":\"SearchAction\",\"target\":{\"@type\":\"EntryPoint\",\"urlTemplate\":\"https:\\\/\\\/www.steinbach-berlin.de\\\/portfolio\\\/?s={search_term_string}\"},\"query-input\":{\"@type\":\"PropertyValueSpecification\",\"valueRequired\":true,\"valueName\":\"search_term_string\"}}],\"inLanguage\":\"de\"}]}<\/script>\n<!-- \/ Yoast SEO plugin. -->","yoast_head_json":{"title":"Impressum\/DSGVO \u2013 herrsteinbach","description":"Impressum und Datenschutzverordnung herrsteinbach \/ Holger Steinbach \/ Berlin \/ holger@steinbach-berlin.de \/ +49 30 69041820","robots":{"index":"index","follow":"follow","max-snippet":"max-snippet:-1","max-image-preview":"max-image-preview:large","max-video-preview":"max-video-preview:-1"},"canonical":"https:\/\/www.steinbach-berlin.de\/portfolio\/impressum-dsgvo\/","og_locale":"de_DE","og_type":"article","og_title":"Impressum\/DSGVO \u2013 herrsteinbach","og_description":"Impressum und Datenschutzverordnung herrsteinbach \/ Holger Steinbach \/ Berlin \/ holger@steinbach-berlin.de \/ +49 30 69041820","og_url":"https:\/\/www.steinbach-berlin.de\/portfolio\/impressum-dsgvo\/","og_site_name":"herrsteinbach","article_modified_time":"2024-02-01T14:37:27+00:00","twitter_card":"summary_large_image","twitter_misc":{"Gesch\u00e4tzte Lesezeit":"1\u00a0Minute"},"schema":{"@context":"https:\/\/schema.org","@graph":[{"@type":"WebPage","@id":"https:\/\/www.steinbach-berlin.de\/portfolio\/impressum-dsgvo\/","url":"https:\/\/www.steinbach-berlin.de\/portfolio\/impressum-dsgvo\/","name":"Impressum\/DSGVO \u2013 herrsteinbach","isPartOf":{"@id":"https:\/\/www.steinbach-berlin.de\/portfolio\/#website"},"datePublished":"2018-05-14T09:47:56+00:00","dateModified":"2024-02-01T14:37:27+00:00","description":"Impressum und Datenschutzverordnung herrsteinbach \/ Holger Steinbach \/ Berlin \/ holger@steinbach-berlin.de \/ +49 30 69041820","breadcrumb":{"@id":"https:\/\/www.steinbach-berlin.de\/portfolio\/impressum-dsgvo\/#breadcrumb"},"inLanguage":"de","potentialAction":[{"@type":"ReadAction","target":["https:\/\/www.steinbach-berlin.de\/portfolio\/impressum-dsgvo\/"]}]},{"@type":"BreadcrumbList","@id":"https:\/\/www.steinbach-berlin.de\/portfolio\/impressum-dsgvo\/#breadcrumb","itemListElement":[{"@type":"ListItem","position":1,"name":"Startseite","item":"https:\/\/www.steinbach-berlin.de\/portfolio\/"},{"@type":"ListItem","position":2,"name":"IMPRESSUM\/DSGVO"}]},{"@type":"WebSite","@id":"https:\/\/www.steinbach-berlin.de\/portfolio\/#website","url":"https:\/\/www.steinbach-berlin.de\/portfolio\/","name":"herrsteinbach","description":"Design. CAD. Text. Foto.","potentialAction":[{"@type":"SearchAction","target":{"@type":"EntryPoint","urlTemplate":"https:\/\/www.steinbach-berlin.de\/portfolio\/?s={search_term_string}"},"query-input":{"@type":"PropertyValueSpecification","valueRequired":true,"valueName":"search_term_string"}}],"inLanguage":"de"}]}},"_links":{"self":[{"href":"https:\/\/www.steinbach-berlin.de\/portfolio\/wp-json\/wp\/v2\/pages\/378","targetHints":{"allow":["GET"]}}],"collection":[{"href":"https:\/\/www.steinbach-berlin.de\/portfolio\/wp-json\/wp\/v2\/pages"}],"about":[{"href":"https:\/\/www.steinbach-berlin.de\/portfolio\/wp-json\/wp\/v2\/types\/page"}],"author":[{"embeddable":true,"href":"https:\/\/www.steinbach-berlin.de\/portfolio\/wp-json\/wp\/v2\/users\/1"}],"replies":[{"embeddable":true,"href":"https:\/\/www.steinbach-berlin.de\/portfolio\/wp-json\/wp\/v2\/comments?post=378"}],"version-history":[{"count":0,"href":"https:\/\/www.steinbach-berlin.de\/portfolio\/wp-json\/wp\/v2\/pages\/378\/revisions"}],"wp:attachment":[{"href":"https:\/\/www.steinbach-berlin.de\/portfolio\/wp-json\/wp\/v2\/media?parent=378"}],"curies":[{"name":"wp","href":"https:\/\/api.w.org\/{rel}","templated":true}]}}